{"id":4046,"date":"2024-09-24T06:45:58","date_gmt":"2024-09-24T06:45:58","guid":{"rendered":"https:\/\/www.quantumindustrycanada.ca\/job-submission-form\/"},"modified":"2025-07-16T17:10:08","modified_gmt":"2025-07-16T17:10:08","slug":"job-submission-form","status":"publish","type":"page","link":"https:\/\/www.quantumindustrycanada.ca\/fr\/job-submission-form\/","title":{"rendered":"Job Submission Form"},"content":{"rendered":"\t\t<div data-elementor-type=\"wp-page\" data-elementor-id=\"4046\" class=\"elementor elementor-4046 elementor-2057\" data-elementor-post-type=\"page\">\n\t\t\t\t\t\t<section class=\"elementor-section elementor-top-section elementor-element elementor-element-716d8af6 elementor-section-boxed elementor-section-height-default elementor-section-height-default\" data-id=\"716d8af6\" data-element_type=\"section\" data-e-type=\"section\">\n\t\t\t\t\t\t<div class=\"elementor-container elementor-column-gap-default\">\n\t\t\t\t\t<div class=\"elementor-column elementor-col-100 elementor-top-column elementor-element elementor-element-4eb4e7ed\" data-id=\"4eb4e7ed\" data-element_type=\"column\" data-e-type=\"column\">\n\t\t\t<div class=\"elementor-widget-wrap elementor-element-populated\">\n\t\t\t\t\t\t<div class=\"elementor-element elementor-element-6f1354d0 elementor-widget elementor-widget-text-editor\" data-id=\"6f1354d0\" data-element_type=\"widget\" data-e-type=\"widget\" data-widget_type=\"text-editor.default\">\n\t\t\t\t<div class=\"elementor-widget-container\">\n\t\t\t\t\t\t\t\t\t<h2>Soumettre une offre d\u2019emploi quantique au Canada<\/h2><p>Ce babillard est un service gratuit offert aux membres et affili\u00e9\u00b7e\u00b7s d\u2019Industrie Quantique Canada (IQC) pour promouvoir des postes li\u00e9s \u00e0 la quantique, <strong>bas\u00e9s au Canada<\/strong>.<\/p><p>Vous pouvez soumettre votre offre en fran\u00e7ais ou en anglais. Une fois votre soumission compl\u00e9t\u00e9e, veuillez pr\u00e9voir jusqu\u2019\u00e0 3 jours ouvrables pour la mise en ligne. Sauf indication contraire, les offres seront retir\u00e9es apr\u00e8s 6 semaines.<\/p><p>Pour toute question, modification d\u2019une offre active, demande de retrait anticip\u00e9 ou de prolongation, veuillez communiquer avec Angela \u00e0 l\u2019adresse suivante : <a href=\"mailto:angela@quantumindustrycanada.ca\">angela@quantumindustrycanada.ca<\/a>.<\/p>\t\t\t\t\t\t\t\t<\/div>\n\t\t\t\t<\/div>\n\t\t\t\t<div class=\"elementor-element elementor-element-5e83b78 elementor-widget elementor-widget-shortcode\" data-id=\"5e83b78\" data-element_type=\"widget\" data-e-type=\"widget\" data-widget_type=\"shortcode.default\">\n\t\t\t\t<div class=\"elementor-widget-container\">\n\t\t\t\t\t\t\t<div class=\"elementor-shortcode\"><form action=\"\/fr\/wp-json\/wp\/v2\/pages\/4046\" method=\"post\" id=\"submit-job-form\" class=\"job-manager-form\" enctype=\"multipart\/form-data\">\n\n\t\n\t\n\t\n\t\t\t<fieldset class=\"fieldset-login_required\">\n\t\t<label>Avez-vous d\u00e9j\u00e0 un compte\u00a0?<\/label>\n\t\t<div class=\"field account-sign-in\">\n\t\t\t<a class=\"button\" href=\"https:\/\/www.quantumindustrycanada.ca\/xU8gCfvMuer2NRj?redirect_to=https%3A%2F%2Fwww.quantumindustrycanada.ca%2Ffr%2Fjob-submission-form%2F\">Se connecter<\/a>\n\n\t\t\t\t\t<\/div>\n\t<\/fieldset>\n\t\n\t\n\t\n\t\t<!-- Company Information Fields -->\n\t\t\t\t\t<h2>D\u00e9tail de l\u2019entreprise\/organisation<\/h2>\n\n\t\t\t\n\t\t\t\t\t\t\t<fieldset class=\"fieldset-company_name fieldset-type-text\">\n\t\t\t\t\t<label for=\"company_name\">Nom de l\u2019entreprise<\/label>\n\t\t\t\t\t<div class=\"field required-field\">\n\t\t\t\t\t\t<input type=\"text\" class=\"input-text\" name=\"company_name\" id=\"company_name\" placeholder=\"Saisir le nom de l\u2019entreprise\" value=\"\" maxlength=\"\" required \/>\n\t\t\t\t\t<\/div>\n\t\t\t\t<\/fieldset>\n\t\t\t\t\t\t\t<fieldset class=\"fieldset-company_website fieldset-type-text\">\n\t\t\t\t\t<label for=\"company_website\">Company URL<\/label>\n\t\t\t\t\t<div class=\"field required-field\">\n\t\t\t\t\t\t<input type=\"text\" class=\"input-text\" name=\"company_website\" id=\"company_website\" placeholder=\"http:\/\/\" value=\"\" maxlength=\"\" required \/>\n\t\t\t\t\t<\/div>\n\t\t\t\t<\/fieldset>\n\t\t\t\t\t\t\t<fieldset class=\"fieldset-company_logo fieldset-type-file\">\n\t\t\t\t\t<label for=\"company_logo\">Logo <small>(optionnel)<\/small><\/label>\n\t\t\t\t\t<div class=\"field \">\n\t\t\t\t\t\t<div class=\"job-manager-uploaded-files\">\n\t<\/div>\n\n<input\n\ttype=\"file\"\n\tclass=\"input-text\"\n\tdata-file_types=\"jpg|jpeg|gif|png\"\n\t\t\t\t\tname=\"company_logo\"\n\tid=\"company_logo\"\n\tplaceholder=\"\"\n\/>\n<small class=\"description\">\n\t\t\tUpload your company logo here. Recommended dimensions are 500x500 pixels on white background in JPG format. Max file size 2MB.\t<\/small>\n\t\t\t\t\t<\/div>\n\t\t\t\t<\/fieldset>\n\t\t\t\n\t\t\t\t\t\n\t\t<script>\n\tlet form = document.getElementById( 'submit-job-form' ) ||\n\t\t\tdocument.getElementById( 'submit-resume-form' ) ||\n\t\t\tdocument.querySelector( '.job-manager-application-form' );\n\n\tfunction jm_job_submit_click(e) {\n\t\te.preventDefault();\n\t\tgrecaptcha.ready(function() {\n\t\t\tgrecaptcha.execute( decodeURIComponent( '6Lfw47ArAAAAADEdbc5c7ut65Ou1ZqYqG46vYg02' ), { action: 'submit' } ).then( function( token ) {\n\t\t\t\tdocument.getElementById( 'g-recaptcha-response' ).value = token;\n\t\t\t\tform.submit();\n\t\t\t});\n\t\t});\n\t}\n<\/script>\n\n<input type=\"hidden\" name=\"g-recaptcha-response\" id=\"g-recaptcha-response\">\n<input type=\"hidden\" name=\"submit_job\" value=\"true\">\n\t\n\t<!-- Job Information Fields -->\n\t\t\n\t\t\t\t\t<fieldset class=\"fieldset-job_title fieldset-type-text\">\n\t\t\t\t<label for=\"job_title\">Nom de l\u2019offre d\u2019emploi<\/label>\n\t\t\t\t<div class=\"field required-field\">\n\t\t\t\t\t<input type=\"text\" class=\"input-text\" name=\"job_title\" id=\"job_title\" placeholder=\"\" value=\"\" maxlength=\"\" required \/>\n\t\t\t\t<\/div>\n\t\t\t<\/fieldset>\n\t\t\t\t\t<fieldset class=\"fieldset-job_location fieldset-type-text\">\n\t\t\t\t<label for=\"job_location\">Localisation<\/label>\n\t\t\t\t<div class=\"field required-field\">\n\t\t\t\t\t<input type=\"text\" class=\"input-text\" name=\"job_location\" id=\"job_location\" placeholder=\"Par exemple \u00ab\u00a0Paris\u00a0\u00bb\" value=\"\" maxlength=\"\" required \/>\n<small class=\"description\">Laissez vide si l\u2019offre peut \u00eatre pourvue depuis n\u2019importe o\u00f9 (ex\u00a0: t\u00e9l\u00e9travail)<\/small>\t\t\t\t<\/div>\n\t\t\t<\/fieldset>\n\t\t\t\t\t<fieldset class=\"fieldset-job_type fieldset-type-term-select\">\n\t\t\t\t<label for=\"job_type\">Job Location Type<\/label>\n\t\t\t\t<div class=\"field required-field\">\n\t\t\t\t\t<select  name='job_type' id='job_type' class='postform'>\n\t<option value='' selected='selected'>Choisir le type d\u2019offre d\u2019emploi&hellip;<\/option>\n\t<option class=\"level-0\" value=\"59\">Hybrid<\/option>\n\t<option class=\"level-0\" value=\"60\">Negotiable<\/option>\n\t<option class=\"level-0\" value=\"61\">Onsite<\/option>\n\t<option class=\"level-0\" value=\"62\">Remote<\/option>\n<\/select>\n\t\t\t\t<\/div>\n\t\t\t<\/fieldset>\n\t\t\t\t\t<fieldset class=\"fieldset-application fieldset-type-text\">\n\t\t\t\t<label for=\"application\">URL de candidature<\/label>\n\t\t\t\t<div class=\"field required-field\">\n\t\t\t\t\t<input type=\"text\" class=\"input-text\" name=\"application\" id=\"application\" placeholder=\"https:\/\/\" value=\"\" maxlength=\"\" required \/>\n\t\t\t\t<\/div>\n\t\t\t<\/fieldset>\n\t\t\n\t\t\n\t\t<p>\n\t\t\t<input type=\"hidden\" name=\"job_manager_form\" value=\"submit-job\" \/>\n\t\t\t<input type=\"hidden\" name=\"job_id\" value=\"0\" \/>\n\t\t\t<input type=\"hidden\" name=\"step\" value=\"0\" \/>\n\t\t\t<input type=\"submit\" name=\"submit_job\" class=\"button\"\n    \t\tonclick=\"jm_job_submit_click(event)\" value=\"Pr\u00e9visualiser\" \/>\n\t\t\t\t\t\t<span class=\"spinner\" style=\"background-image: url(https:\/\/www.quantumindustrycanada.ca\/wp-includes\/images\/spinner.gif);\"><\/span>\n\t\t<\/p>\n\n\t<\/form>\n<\/div>\n\t\t\t\t\t\t<\/div>\n\t\t\t\t<\/div>\n\t\t\t\t\t<\/div>\n\t\t<\/div>\n\t\t\t\t\t<\/div>\n\t\t<\/section>\n\t\t\t\t<\/div>\n\t\t","protected":false},"excerpt":{"rendered":"<p>Soumettre une offre d\u2019emploi quantique au Canada Ce babillard est un service gratuit offert aux membres et affili\u00e9\u00b7e\u00b7s d\u2019Industrie Quantique Canada (IQC) pour promouvoir des postes li\u00e9s \u00e0 la quantique, bas\u00e9s au Canada. Vous pouvez soumettre votre offre en fran\u00e7ais ou en anglais. Une fois votre soumission compl\u00e9t\u00e9e, veuillez pr\u00e9voir jusqu\u2019\u00e0 3 jours ouvrables pour &hellip;<\/p>\n<p class=\"read-more\"> <a class=\"\" href=\"https:\/\/www.quantumindustrycanada.ca\/fr\/job-submission-form\/\"> <span class=\"screen-reader-text\">Job Submission Form<\/span> Read More \u00bb<\/a><\/p>\n","protected":false},"author":1,"featured_media":0,"parent":0,"menu_order":0,"comment_status":"closed","ping_status":"closed","template":"","meta":{"_acf_changed":false,"site-sidebar-layout":"no-sidebar","site-content-layout":"page-builder","ast-global-header-display":"","ast-banner-title-visibility":"","ast-main-header-display":"","ast-hfb-above-header-display":"","ast-hfb-below-header-display":"","ast-hfb-mobile-header-display":"","site-post-title":"disabled","ast-breadcrumbs-content":"","ast-featured-img":"disabled","footer-sml-layout":"","theme-transparent-header-meta":"","adv-header-id-meta":"","stick-header-meta":"","header-above-stick-meta":"","header-main-stick-meta":"","header-below-stick-meta":"","footnotes":""},"class_list":["post-4046","page","type-page","status-publish","hentry"],"acf":[],"_links":{"self":[{"href":"https:\/\/www.quantumindustrycanada.ca\/fr\/wp-json\/wp\/v2\/pages\/4046","targetHints":{"allow":["GET"]}}],"collection":[{"href":"https:\/\/www.quantumindustrycanada.ca\/fr\/wp-json\/wp\/v2\/pages"}],"about":[{"href":"https:\/\/www.quantumindustrycanada.ca\/fr\/wp-json\/wp\/v2\/types\/page"}],"author":[{"embeddable":true,"href":"https:\/\/www.quantumindustrycanada.ca\/fr\/wp-json\/wp\/v2\/users\/1"}],"replies":[{"embeddable":true,"href":"https:\/\/www.quantumindustrycanada.ca\/fr\/wp-json\/wp\/v2\/comments?post=4046"}],"version-history":[{"count":3,"href":"https:\/\/www.quantumindustrycanada.ca\/fr\/wp-json\/wp\/v2\/pages\/4046\/revisions"}],"predecessor-version":[{"id":4050,"href":"https:\/\/www.quantumindustrycanada.ca\/fr\/wp-json\/wp\/v2\/pages\/4046\/revisions\/4050"}],"wp:attachment":[{"href":"https:\/\/www.quantumindustrycanada.ca\/fr\/wp-json\/wp\/v2\/media?parent=4046"}],"curies":[{"name":"wp","href":"https:\/\/api.w.org\/{rel}","templated":true}]}}