{"id":3416,"date":"2025-02-06T07:12:42","date_gmt":"2025-02-06T07:12:42","guid":{"rendered":"https:\/\/rimmer.genesiswebdev.ca\/quantum-now\/"},"modified":"2025-02-06T07:32:00","modified_gmt":"2025-02-06T07:32:00","slug":"quantum-now","status":"publish","type":"page","link":"https:\/\/www.quantumindustrycanada.ca\/fr\/quantum-now\/","title":{"rendered":"QUANTUM NOW"},"content":{"rendered":"\t\t<div data-elementor-type=\"wp-page\" data-elementor-id=\"3416\" class=\"elementor elementor-3416 elementor-3410\" data-elementor-post-type=\"page\">\n\t\t\t\t\t\t<section class=\"elementor-section elementor-top-section elementor-element elementor-element-7b1560d elementor-section-boxed elementor-section-height-default elementor-section-height-default\" data-id=\"7b1560d\" data-element_type=\"section\" data-e-type=\"section\">\n\t\t\t\t\t\t<div class=\"elementor-container elementor-column-gap-default\">\n\t\t\t\t\t<div class=\"elementor-column elementor-col-100 elementor-top-column elementor-element elementor-element-36aa0fc\" data-id=\"36aa0fc\" data-element_type=\"column\" data-e-type=\"column\">\n\t\t\t<div class=\"elementor-widget-wrap elementor-element-populated\">\n\t\t\t\t\t\t<div class=\"elementor-element elementor-element-9c41bb6 elementor-countdown--label-block elementor-widget elementor-widget-countdown\" data-id=\"9c41bb6\" data-element_type=\"widget\" data-e-type=\"widget\" data-widget_type=\"countdown.default\">\n\t\t\t\t<div class=\"elementor-widget-container\">\n\t\t\t\t\t\t\t<div class=\"elementor-countdown-wrapper\" data-date=\"1750237200\">\n\t\t\t<div class=\"elementor-countdown-item\"><span class=\"elementor-countdown-digits elementor-countdown-days\"><\/span> <span class=\"elementor-countdown-label\">jours<\/span><\/div>\t\t<\/div>\n\t\t\t\t\t\t<\/div>\n\t\t\t\t<\/div>\n\t\t\t\t\t<\/div>\n\t\t<\/div>\n\t\t\t\t\t<\/div>\n\t\t<\/section>\n\t\t\t\t<section class=\"elementor-section elementor-top-section elementor-element elementor-element-f13991e elementor-section-boxed elementor-section-height-default elementor-section-height-default\" data-id=\"f13991e\" data-element_type=\"section\" data-e-type=\"section\">\n\t\t\t\t\t\t<div class=\"elementor-container elementor-column-gap-default\">\n\t\t\t\t\t<div class=\"elementor-column elementor-col-100 elementor-top-column elementor-element elementor-element-a942afb\" data-id=\"a942afb\" data-element_type=\"column\" data-e-type=\"column\">\n\t\t\t<div class=\"elementor-widget-wrap elementor-element-populated\">\n\t\t\t\t\t\t<div class=\"elementor-element elementor-element-7c168ef elementor-widget-divider--view-line elementor-widget elementor-widget-divider\" data-id=\"7c168ef\" data-element_type=\"widget\" data-e-type=\"widget\" data-widget_type=\"divider.default\">\n\t\t\t\t<div class=\"elementor-widget-container\">\n\t\t\t\t\t\t\t<div class=\"elementor-divider\">\n\t\t\t<span class=\"elementor-divider-separator\">\n\t\t\t\t\t\t<\/span>\n\t\t<\/div>\n\t\t\t\t\t\t<\/div>\n\t\t\t\t<\/div>\n\t\t\t\t<div class=\"elementor-element elementor-element-7e9a17e elementor-widget elementor-widget-image\" data-id=\"7e9a17e\" data-element_type=\"widget\" data-e-type=\"widget\" data-widget_type=\"image.default\">\n\t\t\t\t<div class=\"elementor-widget-container\">\n\t\t\t\t\t\t\t\t\t\t\t\t\t\t\t<img fetchpriority=\"high\" decoding=\"async\" width=\"1024\" height=\"220\" src=\"https:\/\/www.quantumindustrycanada.ca\/wp-content\/uploads\/2025\/01\/BILINGUAL_DarkBG-1024x220.png\" class=\"attachment-large size-large wp-image-2494\" alt=\"Logo for QUANTUM NOW. QUANTUM NOW, hosted by QIC in partnership with Distriq in Montr\u00e9al, is the premier executive forum where industry leaders gain the strategic intelligence needed to thrive in the quantum era.\" srcset=\"https:\/\/www.quantumindustrycanada.ca\/wp-content\/uploads\/2025\/01\/BILINGUAL_DarkBG-1024x220.png 1024w, https:\/\/www.quantumindustrycanada.ca\/wp-content\/uploads\/2025\/01\/BILINGUAL_DarkBG-300x64.png 300w, https:\/\/www.quantumindustrycanada.ca\/wp-content\/uploads\/2025\/01\/BILINGUAL_DarkBG-768x165.png 768w, https:\/\/www.quantumindustrycanada.ca\/wp-content\/uploads\/2025\/01\/BILINGUAL_DarkBG-1536x329.png 1536w, https:\/\/www.quantumindustrycanada.ca\/wp-content\/uploads\/2025\/01\/BILINGUAL_DarkBG-2048x439.png 2048w, https:\/\/www.quantumindustrycanada.ca\/wp-content\/uploads\/2025\/01\/BILINGUAL_DarkBG-31x7.png 31w\" sizes=\"(max-width: 1024px) 100vw, 1024px\" \/>\t\t\t\t\t\t\t\t\t\t\t\t\t\t\t<\/div>\n\t\t\t\t<\/div>\n\t\t\t\t\t<\/div>\n\t\t<\/div>\n\t\t\t\t\t<\/div>\n\t\t<\/section>\n\t\t\t\t<section class=\"elementor-section elementor-top-section elementor-element elementor-element-c1b3a54 elementor-section-boxed elementor-section-height-default elementor-section-height-default\" data-id=\"c1b3a54\" data-element_type=\"section\" data-e-type=\"section\">\n\t\t\t\t\t\t<div class=\"elementor-container elementor-column-gap-default\">\n\t\t\t\t\t<div class=\"elementor-column elementor-col-100 elementor-top-column elementor-element elementor-element-2e9c9d5\" data-id=\"2e9c9d5\" data-element_type=\"column\" data-e-type=\"column\">\n\t\t\t<div class=\"elementor-widget-wrap elementor-element-populated\">\n\t\t\t\t\t\t<div class=\"elementor-element elementor-element-ae395c3 elementor-widget-divider--view-line elementor-widget elementor-widget-divider\" data-id=\"ae395c3\" data-element_type=\"widget\" data-e-type=\"widget\" data-widget_type=\"divider.default\">\n\t\t\t\t<div class=\"elementor-widget-container\">\n\t\t\t\t\t\t\t<div class=\"elementor-divider\">\n\t\t\t<span class=\"elementor-divider-separator\">\n\t\t\t\t\t\t<\/span>\n\t\t<\/div>\n\t\t\t\t\t\t<\/div>\n\t\t\t\t<\/div>\n\t\t\t\t\t<\/div>\n\t\t<\/div>\n\t\t\t\t\t<\/div>\n\t\t<\/section>\n\t\t\t\t<section class=\"elementor-section elementor-top-section elementor-element elementor-element-78ac860 elementor-section-boxed elementor-section-height-default elementor-section-height-default\" data-id=\"78ac860\" data-element_type=\"section\" data-e-type=\"section\">\n\t\t\t\t\t\t<div class=\"elementor-container elementor-column-gap-default\">\n\t\t\t\t\t<div class=\"elementor-column elementor-col-100 elementor-top-column elementor-element elementor-element-d9a9054\" data-id=\"d9a9054\" data-element_type=\"column\" data-e-type=\"column\">\n\t\t\t<div class=\"elementor-widget-wrap elementor-element-populated\">\n\t\t\t\t\t\t<div class=\"elementor-element elementor-element-87f7efd elementor-widget elementor-widget-text-editor\" data-id=\"87f7efd\" data-element_type=\"widget\" data-e-type=\"widget\" data-widget_type=\"text-editor.default\">\n\t\t\t\t<div class=\"elementor-widget-container\">\n\t\t\t\t\t\t\t\t\t<p>O\u00f9 les leaders strat\u00e9giques se pr\u00e9parent \u00e0 l&rsquo;\u00e9conomie quantique \u00e9mergente<\/p><p>18-19 juin 2025 \u2022 Montr\u00e9al, Qu\u00e9bec, Canada<\/p>\t\t\t\t\t\t\t\t<\/div>\n\t\t\t\t<\/div>\n\t\t\t\t\t<\/div>\n\t\t<\/div>\n\t\t\t\t\t<\/div>\n\t\t<\/section>\n\t\t\t\t<section class=\"elementor-section elementor-top-section elementor-element elementor-element-44d3690 elementor-section-boxed elementor-section-height-default elementor-section-height-default\" data-id=\"44d3690\" data-element_type=\"section\" data-e-type=\"section\">\n\t\t\t\t\t\t<div class=\"elementor-container elementor-column-gap-default\">\n\t\t\t\t\t<div class=\"elementor-column elementor-col-100 elementor-top-column elementor-element elementor-element-3084db1\" data-id=\"3084db1\" data-element_type=\"column\" data-e-type=\"column\">\n\t\t\t<div class=\"elementor-widget-wrap elementor-element-populated\">\n\t\t\t\t\t\t<div class=\"elementor-element elementor-element-24faf0b elementor-align-center elementor-widget elementor-widget-button\" data-id=\"24faf0b\" data-element_type=\"widget\" data-e-type=\"widget\" data-widget_type=\"button.default\">\n\t\t\t\t<div class=\"elementor-widget-container\">\n\t\t\t\t\t\t\t\t\t<div class=\"elementor-button-wrapper\">\n\t\t\t\t\t<a class=\"elementor-button elementor-button-link elementor-size-sm elementor-animation-grow\" href=\"https:\/\/iciquantique.ca\" target=\"_blank\">\n\t\t\t\t\t\t<span class=\"elementor-button-content-wrapper\">\n\t\t\t\t\t\t\t\t\t<span class=\"elementor-button-text\">D\u00c9COUVRIR ICI QUANTIQUE<\/span>\n\t\t\t\t\t<\/span>\n\t\t\t\t\t<\/a>\n\t\t\t\t<\/div>\n\t\t\t\t\t\t\t\t<\/div>\n\t\t\t\t<\/div>\n\t\t\t\t\t<\/div>\n\t\t<\/div>\n\t\t\t\t\t<\/div>\n\t\t<\/section>\n\t\t\t\t<section class=\"elementor-section elementor-top-section elementor-element elementor-element-05ac419 elementor-section-boxed elementor-section-height-default elementor-section-height-default\" data-id=\"05ac419\" data-element_type=\"section\" data-e-type=\"section\">\n\t\t\t\t\t\t<div class=\"elementor-container elementor-column-gap-default\">\n\t\t\t\t\t<div class=\"elementor-column elementor-col-100 elementor-top-column elementor-element elementor-element-f1ca0b4\" data-id=\"f1ca0b4\" data-element_type=\"column\" data-e-type=\"column\">\n\t\t\t<div class=\"elementor-widget-wrap elementor-element-populated\">\n\t\t\t\t\t\t<div class=\"elementor-element elementor-element-c1cf4fb elementor-widget elementor-widget-spacer\" data-id=\"c1cf4fb\" data-element_type=\"widget\" data-e-type=\"widget\" data-widget_type=\"spacer.default\">\n\t\t\t\t<div class=\"elementor-widget-container\">\n\t\t\t\t\t\t\t<div class=\"elementor-spacer\">\n\t\t\t<div class=\"elementor-spacer-inner\"><\/div>\n\t\t<\/div>\n\t\t\t\t\t\t<\/div>\n\t\t\t\t<\/div>\n\t\t\t\t\t<\/div>\n\t\t<\/div>\n\t\t\t\t\t<\/div>\n\t\t<\/section>\n\t\t\t\t<section class=\"elementor-section elementor-top-section elementor-element elementor-element-4e463e9 elementor-section-boxed elementor-section-height-default elementor-section-height-default\" data-id=\"4e463e9\" data-element_type=\"section\" data-e-type=\"section\">\n\t\t\t\t\t\t<div class=\"elementor-container elementor-column-gap-default\">\n\t\t\t\t\t<div class=\"elementor-column elementor-col-100 elementor-top-column elementor-element elementor-element-4aa7098\" data-id=\"4aa7098\" data-element_type=\"column\" data-e-type=\"column\" data-settings=\"{&quot;background_background&quot;:&quot;classic&quot;}\">\n\t\t\t<div class=\"elementor-widget-wrap elementor-element-populated\">\n\t\t\t\t\t\t<div class=\"elementor-element elementor-element-ae25b39 elementor-widget elementor-widget-text-editor\" data-id=\"ae25b39\" data-element_type=\"widget\" data-e-type=\"widget\" data-widget_type=\"text-editor.default\">\n\t\t\t\t<div class=\"elementor-widget-container\">\n\t\t\t\t\t\t\t\t\t<h4>Anticipez l&rsquo;avenir quantique : devenez-en l&rsquo;architecte.<\/h4>\t\t\t\t\t\t\t\t<\/div>\n\t\t\t\t<\/div>\n\t\t\t\t<div class=\"elementor-element elementor-element-877f48e elementor-widget elementor-widget-text-editor\" data-id=\"877f48e\" data-element_type=\"widget\" data-e-type=\"widget\" data-widget_type=\"text-editor.default\">\n\t\t\t\t<div class=\"elementor-widget-container\">\n\t\t\t\t\t\t\t\t\t<p>Abonnez-vous pour recevoir les derni\u00e8res nouvelles, incluant les d\u00e9tails sur l&rsquo;acc\u00e8s \u00e0 ce rassemblement exclusif.<\/p>\t\t\t\t\t\t\t\t<\/div>\n\t\t\t\t<\/div>\n\t\t\t\t<div class=\"elementor-element elementor-element-937c2ad elementor-widget elementor-widget-shortcode\" data-id=\"937c2ad\" data-element_type=\"widget\" data-e-type=\"widget\" data-widget_type=\"shortcode.default\">\n\t\t\t\t<div class=\"elementor-widget-container\">\n\t\t\t\t\t\t\t<div class=\"elementor-shortcode\"><\/div>\n\t\t\t\t\t\t<\/div>\n\t\t\t\t<\/div>\n\t\t\t\t<div class=\"elementor-element elementor-element-1896d64 elementor-widget elementor-widget-text-editor\" data-id=\"1896d64\" data-element_type=\"widget\" data-e-type=\"widget\" data-widget_type=\"text-editor.default\">\n\t\t\t\t<div class=\"elementor-widget-container\">\n\t\t\t\t\t\t\t\t\t<p>Nous ne vous enverrons pas de pourriels. D\u00e9sabonnez-vous \u00e0 tout moment.<br \/><a href=\"https:\/\/www.quantumindustrycanada.ca\/fr\/politique-de-confidentialite-pour-linstant-quantique\/\" target=\"_blank\" rel=\"nofollow noopener\">Consultez notre politique de confidentialit\u00e9.<\/a><\/p>\t\t\t\t\t\t\t\t<\/div>\n\t\t\t\t<\/div>\n\t\t\t\t\t<\/div>\n\t\t<\/div>\n\t\t\t\t\t<\/div>\n\t\t<\/section>\n\t\t\t\t<\/div>\n\t\t","protected":false},"excerpt":{"rendered":"<p>jours O\u00f9 les leaders strat\u00e9giques se pr\u00e9parent \u00e0 l&rsquo;\u00e9conomie quantique \u00e9mergente 18-19 juin 2025 \u2022 Montr\u00e9al, Qu\u00e9bec, Canada D\u00c9COUVRIR ICI QUANTIQUE Anticipez l&rsquo;avenir quantique : devenez-en l&rsquo;architecte. Abonnez-vous pour recevoir les derni\u00e8res nouvelles, incluant les d\u00e9tails sur l&rsquo;acc\u00e8s \u00e0 ce rassemblement exclusif. Nous ne vous enverrons pas de pourriels. D\u00e9sabonnez-vous \u00e0 tout moment.Consultez notre politique &hellip;<\/p>\n<p class=\"read-more\"> <a class=\"\" href=\"https:\/\/www.quantumindustrycanada.ca\/fr\/quantum-now\/\"> <span class=\"screen-reader-text\">QUANTUM NOW<\/span> Read More \u00bb<\/a><\/p>\n","protected":false},"author":3,"featured_media":3065,"parent":0,"menu_order":0,"comment_status":"closed","ping_status":"closed","template":"","meta":{"_acf_changed":false,"site-sidebar-layout":"no-sidebar","site-content-layout":"page-builder","ast-global-header-display":"","ast-banner-title-visibility":"","ast-main-header-display":"","ast-hfb-above-header-display":"","ast-hfb-below-header-display":"","ast-hfb-mobile-header-display":"","site-post-title":"disabled","ast-breadcrumbs-content":"","ast-featured-img":"disabled","footer-sml-layout":"","theme-transparent-header-meta":"","adv-header-id-meta":"","stick-header-meta":"","header-above-stick-meta":"","header-main-stick-meta":"","header-below-stick-meta":"","footnotes":""},"class_list":["post-3416","page","type-page","status-publish","has-post-thumbnail","hentry"],"acf":[],"_links":{"self":[{"href":"https:\/\/www.quantumindustrycanada.ca\/fr\/wp-json\/wp\/v2\/pages\/3416","targetHints":{"allow":["GET"]}}],"collection":[{"href":"https:\/\/www.quantumindustrycanada.ca\/fr\/wp-json\/wp\/v2\/pages"}],"about":[{"href":"https:\/\/www.quantumindustrycanada.ca\/fr\/wp-json\/wp\/v2\/types\/page"}],"author":[{"embeddable":true,"href":"https:\/\/www.quantumindustrycanada.ca\/fr\/wp-json\/wp\/v2\/users\/3"}],"replies":[{"embeddable":true,"href":"https:\/\/www.quantumindustrycanada.ca\/fr\/wp-json\/wp\/v2\/comments?post=3416"}],"version-history":[{"count":3,"href":"https:\/\/www.quantumindustrycanada.ca\/fr\/wp-json\/wp\/v2\/pages\/3416\/revisions"}],"predecessor-version":[{"id":3419,"href":"https:\/\/www.quantumindustrycanada.ca\/fr\/wp-json\/wp\/v2\/pages\/3416\/revisions\/3419"}],"wp:featuredmedia":[{"embeddable":true,"href":"https:\/\/www.quantumindustrycanada.ca\/fr\/wp-json\/wp\/v2\/media\/3065"}],"wp:attachment":[{"href":"https:\/\/www.quantumindustrycanada.ca\/fr\/wp-json\/wp\/v2\/media?parent=3416"}],"curies":[{"name":"wp","href":"https:\/\/api.w.org\/{rel}","templated":true}]}}